{"id":1744,"date":"2020-01-23T18:38:58","date_gmt":"2020-01-23T18:38:58","guid":{"rendered":"https:\/\/1st-rc.com\/?post_type=product&#038;p=1744"},"modified":"2024-02-14T13:26:04","modified_gmt":"2024-02-14T11:26:04","slug":"1st-servo-st-4015mg-hv-digital-tail","status":"publish","type":"product","link":"https:\/\/1st-rc.com\/en\/product\/1st-servo-st-4015mg-hv-digital-tail\/","title":{"rendered":"1st Servo \/ ST-4015MG HV Digital \/ Tail"},"content":{"rendered":"<h5>Highly precise, powerful and efficient - the NEW 1st servo!<\/h5>\n<h5>With a CNC machined aluminum housing.<\/h5>\n<p>A strong <strong>Full metal gear<\/strong> in combination with the high quality brushless motor guarantee an extremely <strong>high positioning speed<\/strong> and <strong>enormous power<\/strong>.<\/p>\n<p>Because of the <strong>efficient brushless motors<\/strong> the servo hardly heats up even under high loads.<\/p>\n<p>With the help of the precise sensor, a <strong>very high positioning accuracy<\/strong> is reached.<\/p>\n<p>The 1st servo has been successfully tested by various team pilots and is ideal for helicopters from 550 to 800 size.<\/p>\n<h4>Item description<\/h4>\n<p><strong>Tail 1st Servo \/ ST-4015MG HV Digital \/ Tail<\/strong><br \/>\n<strong>Included in delivery:<\/strong><br \/>\n1 x 1st Servo \/ ST-4015MG HV Digital \/ Tail<br \/>\n- Various accessories acc. Illustration<\/p>\n<h4>Technical description<\/h4>\n<p>Size (mm): 40.3 x 20.2 x 38.7<br \/>\nWeight (g): 75.0<br \/>\nBearings: 2x ball bearings<br \/>\nGearbox: full metal<br \/>\nHousing: full metal aluminum<br \/>\nFrequency: 330Hz \/ Digital 1520uS<br \/>\nOperating voltage: 6.0 - 8.4V<\/p>\n<p>At 8.4 volts:<br \/>\nPositioning speed sec \/ 60 \u00b0: 0.02<br \/>\nPositioning force kg-cm: 15.5<\/p>\n<p>&nbsp;<\/p>","protected":false},"excerpt":{"rendered":"<p><strong>Tail servo for helicopters size 550-800<\/strong><\/p>\n<ul>\n<li><strong>With full metal housing<\/strong><\/li>\n<\/ul>\n<p>A full metal gearbox in combination with the high quality brushless motor guarantee an extremely high positioning speed and enormous torque power.<\/p>","protected":false},"featured_media":1746,"comment_status":"open","ping_status":"closed","template":"","meta":[],"product_cat":[44,65],"product_tag":[59,66],"yoast_head":"<!-- This site is optimized with the Yoast SEO plugin v16.6.1 - https:\/\/yoast.com\/wordpress\/plugins\/seo\/ -->\n<title>1st Servo \/ ST-4015MG HV Digital \/ Tail - 1st-RC<\/title>\n<meta name=\"robots\" content=\"index, follow, max-snippet:-1, max-image-preview:large, max-video-preview:-1\" \/>\n<link rel=\"canonical\" href=\"https:\/\/1st-rc.com\/en\/product\/1st-servo-st-4015mg-hv-digital-tail\/\" \/>\n<meta property=\"og:locale\" content=\"en_US\" \/>\n<meta property=\"og:type\" content=\"article\" \/>\n<meta property=\"og:title\" content=\"1st Servo \/ ST-4015MG HV Digital \/ Tail - 1st-RC\" \/>\n<meta property=\"og:description\" content=\"Heck-Servo f\u00fcr Helis der Gr\u00f6sse 550-800   Mit Vollmetall-Geh\u00e4use  Ein Vollmetallgetriebe in Kombination mit dem hochwertigen Brushless Motor garantieren eine extrem hohe Stellgeschwindigkeit und enorme Stellkraft.\" \/>\n<meta property=\"og:url\" content=\"https:\/\/1st-rc.com\/en\/product\/1st-servo-st-4015mg-hv-digital-tail\/\" \/>\n<meta property=\"og:site_name\" content=\"1st-RC\" \/>\n<meta property=\"article:publisher\" content=\"https:\/\/www.facebook.com\/1stRC\/\" \/>\n<meta property=\"article:modified_time\" content=\"2024-02-14T11:26:04+00:00\" \/>\n<meta property=\"og:image\" content=\"https:\/\/1st-rc.com\/wp-content\/uploads\/products\/servos\/1stRC_Servo_ST-4015MG.jpg\" \/>\n\t<meta property=\"og:image:width\" content=\"834\" \/>\n\t<meta property=\"og:image:height\" content=\"626\" \/>\n<meta name=\"twitter:card\" content=\"summary_large_image\" \/>\n<meta name=\"twitter:label1\" content=\"Est. reading time\" \/>\n\t<meta name=\"twitter:data1\" content=\"1 minute\" \/>\n<script type=\"application\/ld+json\" class=\"yoast-schema-graph\">{\"@context\":\"https:\/\/schema.org\",\"@graph\":[{\"@type\":\"Organization\",\"@id\":\"https:\/\/1st-rc.com\/#organization\",\"name\":\"1st-RC\",\"url\":\"https:\/\/1st-rc.com\/\",\"sameAs\":[\"https:\/\/www.facebook.com\/1stRC\/\"],\"logo\":{\"@type\":\"ImageObject\",\"@id\":\"https:\/\/1st-rc.com\/#logo\",\"inLanguage\":\"en-US\",\"url\":\"https:\/\/1st-rc.com\/wp-content\/uploads\/page\/1st-Logo_560x320.png\",\"contentUrl\":\"https:\/\/1st-rc.com\/wp-content\/uploads\/page\/1st-Logo_560x320.png\",\"width\":560,\"height\":320,\"caption\":\"1st-RC\"},\"image\":{\"@id\":\"https:\/\/1st-rc.com\/#logo\"}},{\"@type\":\"WebSite\",\"@id\":\"https:\/\/1st-rc.com\/#website\",\"url\":\"https:\/\/1st-rc.com\/\",\"name\":\"1st-RC\",\"description\":\"1st choice for RC-Products\",\"publisher\":{\"@id\":\"https:\/\/1st-rc.com\/#organization\"},\"potentialAction\":[{\"@type\":\"SearchAction\",\"target\":{\"@type\":\"EntryPoint\",\"urlTemplate\":\"https:\/\/1st-rc.com\/?s={search_term_string}\"},\"query-input\":\"required name=search_term_string\"}],\"inLanguage\":\"en-US\"},{\"@type\":\"ImageObject\",\"@id\":\"https:\/\/1st-rc.com\/produkt\/1st-servo-st-4015mg-hv-digital-tail\/#primaryimage\",\"inLanguage\":\"en-US\",\"url\":\"https:\/\/1st-rc.com\/wp-content\/uploads\/products\/servos\/1stRC_Servo_ST-4015MG.jpg\",\"contentUrl\":\"https:\/\/1st-rc.com\/wp-content\/uploads\/products\/servos\/1stRC_Servo_ST-4015MG.jpg\",\"width\":834,\"height\":626},{\"@type\":\"WebPage\",\"@id\":\"https:\/\/1st-rc.com\/produkt\/1st-servo-st-4015mg-hv-digital-tail\/#webpage\",\"url\":\"https:\/\/1st-rc.com\/produkt\/1st-servo-st-4015mg-hv-digital-tail\/\",\"name\":\"1st Servo \/ ST-4015MG HV Digital \/ Tail - 1st-RC\",\"isPartOf\":{\"@id\":\"https:\/\/1st-rc.com\/#website\"},\"primaryImageOfPage\":{\"@id\":\"https:\/\/1st-rc.com\/produkt\/1st-servo-st-4015mg-hv-digital-tail\/#primaryimage\"},\"datePublished\":\"2020-01-23T18:38:58+00:00\",\"dateModified\":\"2024-02-14T11:26:04+00:00\",\"breadcrumb\":{\"@id\":\"https:\/\/1st-rc.com\/produkt\/1st-servo-st-4015mg-hv-digital-tail\/#breadcrumb\"},\"inLanguage\":\"en-US\",\"potentialAction\":[{\"@type\":\"ReadAction\",\"target\":[\"https:\/\/1st-rc.com\/produkt\/1st-servo-st-4015mg-hv-digital-tail\/\"]}]},{\"@type\":\"BreadcrumbList\",\"@id\":\"https:\/\/1st-rc.com\/produkt\/1st-servo-st-4015mg-hv-digital-tail\/#breadcrumb\",\"itemListElement\":[{\"@type\":\"ListItem\",\"position\":1,\"name\":\"Home\",\"item\":\"https:\/\/1st-rc.com\/\"},{\"@type\":\"ListItem\",\"position\":2,\"name\":\"1st-RC Produkte\",\"item\":\"https:\/\/1st-rc.com\/en\/products\/\"},{\"@type\":\"ListItem\",\"position\":3,\"name\":\"1st Servo \/ ST-4015MG HV Digital \/ Tail\"}]}]}<\/script>\n<!-- \/ Yoast SEO plugin. -->","_links":{"self":[{"href":"https:\/\/1st-rc.com\/en\/wp-json\/wp\/v2\/product\/1744"}],"collection":[{"href":"https:\/\/1st-rc.com\/en\/wp-json\/wp\/v2\/product"}],"about":[{"href":"https:\/\/1st-rc.com\/en\/wp-json\/wp\/v2\/types\/product"}],"replies":[{"embeddable":true,"href":"https:\/\/1st-rc.com\/en\/wp-json\/wp\/v2\/comments?post=1744"}],"wp:featuredmedia":[{"embeddable":true,"href":"https:\/\/1st-rc.com\/en\/wp-json\/wp\/v2\/media\/1746"}],"wp:attachment":[{"href":"https:\/\/1st-rc.com\/en\/wp-json\/wp\/v2\/media?parent=1744"}],"wp:term":[{"taxonomy":"product_cat","embeddable":true,"href":"https:\/\/1st-rc.com\/en\/wp-json\/wp\/v2\/product_cat?post=1744"},{"taxonomy":"product_tag","embeddable":true,"href":"https:\/\/1st-rc.com\/en\/wp-json\/wp\/v2\/product_tag?post=1744"}],"curies":[{"name":"wp","href":"https:\/\/api.w.org\/{rel}","templated":true}]}}