{"id":1678,"date":"2020-01-23T09:48:55","date_gmt":"2020-01-23T09:48:55","guid":{"rendered":"https:\/\/1st-rc.com\/?post_type=product&#038;p=1678"},"modified":"2024-08-07T07:29:53","modified_gmt":"2024-08-07T05:29:53","slug":"1st-buffer-v4-3x50f-fuer-helis-600-800","status":"publish","type":"product","link":"https:\/\/1st-rc.com\/en\/product\/1st-buffer-v4-3x50f-for-helis-600-800\/","title":{"rendered":"1st Buffer-Pack 50F v4.81"},"content":{"rendered":"<p><strong>Overview:<\/strong><\/p>\n<ul>\n<li>32 bit, 48MHz MCU control of the buffer unit<\/li>\n<li>Adaptive charging<\/li>\n<li>Current sensor<\/li>\n<li>Can be switched off via RC channel - can also be installed in inaccessible places<\/li>\n<\/ul>\n<p><strong>Application:<\/strong><\/p>\n<ul>\n<li>Backup capacitor for model aircraft for safe emergency landing in the event of receiver power supply failure<\/li>\n<li>Current peak buffers for remote-controlled models (airplane, helicopters, etc.)<\/li>\n<li>Effective buffering of servo return currents<\/li>\n<li>New with RC switch-off!<\/li>\n<\/ul>\n<p><strong>Maximum ratings:<\/strong><\/p>\n<ul>\n<li>Maximum input voltage: 10 V<\/li>\n<li>Maximum buffer voltage (output, fully charged): 8,5 V<\/li>\n<li>Short-term peak current: 25 A<\/li>\n<li>Switch-off voltage: 3.4 V<\/li>\n<\/ul>\n<p><strong>Technical specifications:<\/strong><\/p>\n<p>Width: 19 mm<br \/>\nLength: 56 mm<br \/>\nHeight 49 mm<br \/>\nWeight: approx. 46 g<br \/>\nCAPs: 3 x 50 F<br \/>\nCable length: 18 cm<br \/>\nPlug: Graupner \/ JR UNI<br \/>\nInput voltage: 5.6 V to 10 V<\/p>","protected":false},"excerpt":{"rendered":"<p><strong>A must have for every pilot!<\/strong><\/p>\n<ul>\n<li>Backup capacitor for model aircraft for safe emergency landings<\/li>\n<li>Current peak buffer<\/li>\n<li>New with RC switch-off<\/li>\n<\/ul>","protected":false},"featured_media":10568,"comment_status":"open","ping_status":"closed","template":"","meta":[],"product_cat":[90,41],"product_tag":[43,42],"yoast_head":"<!-- This site is optimized with the Yoast SEO plugin v16.6.1 - https:\/\/yoast.com\/wordpress\/plugins\/seo\/ -->\n<title>1st Buffer-Pack 50F v4.81 - 1st-RC<\/title>\n<meta name=\"robots\" content=\"index, follow, max-snippet:-1, max-image-preview:large, max-video-preview:-1\" \/>\n<link rel=\"canonical\" href=\"https:\/\/1st-rc.com\/en\/product\/1st-buffer-v4-3x50f-for-helis-600-800\/\" \/>\n<meta property=\"og:locale\" content=\"en_US\" \/>\n<meta property=\"og:type\" content=\"article\" \/>\n<meta property=\"og:title\" content=\"1st Buffer-Pack 50F v4.81 - 1st-RC\" \/>\n<meta property=\"og:description\" content=\"Ein Muss f\u00fcr jeden Piloten!   Backup-Kondensator f\u00fcr Flugmodelle f\u00fcr sicheres Notlanden  Puffert Stromspitzen  Neu mit RC-Abschaltung\" \/>\n<meta property=\"og:url\" content=\"https:\/\/1st-rc.com\/en\/product\/1st-buffer-v4-3x50f-for-helis-600-800\/\" \/>\n<meta property=\"og:site_name\" content=\"1st-RC\" \/>\n<meta property=\"article:publisher\" content=\"https:\/\/www.facebook.com\/1stRC\/\" \/>\n<meta property=\"article:modified_time\" content=\"2024-08-07T05:29:53+00:00\" \/>\n<meta property=\"og:image\" content=\"https:\/\/1st-rc.com\/wp-content\/uploads\/2020\/01\/04.1st9541.01.jpg\" \/>\n\t<meta property=\"og:image:width\" content=\"800\" \/>\n\t<meta property=\"og:image:height\" content=\"600\" \/>\n<meta name=\"twitter:card\" content=\"summary_large_image\" \/>\n<meta name=\"twitter:label1\" content=\"Est. reading time\" \/>\n\t<meta name=\"twitter:data1\" content=\"1 minute\" \/>\n<script type=\"application\/ld+json\" class=\"yoast-schema-graph\">{\"@context\":\"https:\/\/schema.org\",\"@graph\":[{\"@type\":\"Organization\",\"@id\":\"https:\/\/1st-rc.com\/#organization\",\"name\":\"1st-RC\",\"url\":\"https:\/\/1st-rc.com\/\",\"sameAs\":[\"https:\/\/www.facebook.com\/1stRC\/\"],\"logo\":{\"@type\":\"ImageObject\",\"@id\":\"https:\/\/1st-rc.com\/#logo\",\"inLanguage\":\"en-US\",\"url\":\"https:\/\/1st-rc.com\/wp-content\/uploads\/page\/1st-Logo_560x320.png\",\"contentUrl\":\"https:\/\/1st-rc.com\/wp-content\/uploads\/page\/1st-Logo_560x320.png\",\"width\":560,\"height\":320,\"caption\":\"1st-RC\"},\"image\":{\"@id\":\"https:\/\/1st-rc.com\/#logo\"}},{\"@type\":\"WebSite\",\"@id\":\"https:\/\/1st-rc.com\/#website\",\"url\":\"https:\/\/1st-rc.com\/\",\"name\":\"1st-RC\",\"description\":\"1st choice for RC-Products\",\"publisher\":{\"@id\":\"https:\/\/1st-rc.com\/#organization\"},\"potentialAction\":[{\"@type\":\"SearchAction\",\"target\":{\"@type\":\"EntryPoint\",\"urlTemplate\":\"https:\/\/1st-rc.com\/?s={search_term_string}\"},\"query-input\":\"required name=search_term_string\"}],\"inLanguage\":\"en-US\"},{\"@type\":\"ImageObject\",\"@id\":\"https:\/\/1st-rc.com\/produkt\/1st-buffer-v4-3x50f-fuer-helis-600-800\/#primaryimage\",\"inLanguage\":\"en-US\",\"url\":\"https:\/\/1st-rc.com\/wp-content\/uploads\/2020\/01\/04.1st9541.01.jpg\",\"contentUrl\":\"https:\/\/1st-rc.com\/wp-content\/uploads\/2020\/01\/04.1st9541.01.jpg\",\"width\":800,\"height\":600},{\"@type\":\"WebPage\",\"@id\":\"https:\/\/1st-rc.com\/produkt\/1st-buffer-v4-3x50f-fuer-helis-600-800\/#webpage\",\"url\":\"https:\/\/1st-rc.com\/produkt\/1st-buffer-v4-3x50f-fuer-helis-600-800\/\",\"name\":\"1st Buffer-Pack 50F v4.81 - 1st-RC\",\"isPartOf\":{\"@id\":\"https:\/\/1st-rc.com\/#website\"},\"primaryImageOfPage\":{\"@id\":\"https:\/\/1st-rc.com\/produkt\/1st-buffer-v4-3x50f-fuer-helis-600-800\/#primaryimage\"},\"datePublished\":\"2020-01-23T09:48:55+00:00\",\"dateModified\":\"2024-08-07T05:29:53+00:00\",\"breadcrumb\":{\"@id\":\"https:\/\/1st-rc.com\/produkt\/1st-buffer-v4-3x50f-fuer-helis-600-800\/#breadcrumb\"},\"inLanguage\":\"en-US\",\"potentialAction\":[{\"@type\":\"ReadAction\",\"target\":[\"https:\/\/1st-rc.com\/produkt\/1st-buffer-v4-3x50f-fuer-helis-600-800\/\"]}]},{\"@type\":\"BreadcrumbList\",\"@id\":\"https:\/\/1st-rc.com\/produkt\/1st-buffer-v4-3x50f-fuer-helis-600-800\/#breadcrumb\",\"itemListElement\":[{\"@type\":\"ListItem\",\"position\":1,\"name\":\"Home\",\"item\":\"https:\/\/1st-rc.com\/\"},{\"@type\":\"ListItem\",\"position\":2,\"name\":\"1st-RC Produkte\",\"item\":\"https:\/\/1st-rc.com\/en\/products\/\"},{\"@type\":\"ListItem\",\"position\":3,\"name\":\"1st Buffer-Pack 50F v4.81\"}]}]}<\/script>\n<!-- \/ Yoast SEO plugin. -->","_links":{"self":[{"href":"https:\/\/1st-rc.com\/en\/wp-json\/wp\/v2\/product\/1678"}],"collection":[{"href":"https:\/\/1st-rc.com\/en\/wp-json\/wp\/v2\/product"}],"about":[{"href":"https:\/\/1st-rc.com\/en\/wp-json\/wp\/v2\/types\/product"}],"replies":[{"embeddable":true,"href":"https:\/\/1st-rc.com\/en\/wp-json\/wp\/v2\/comments?post=1678"}],"wp:featuredmedia":[{"embeddable":true,"href":"https:\/\/1st-rc.com\/en\/wp-json\/wp\/v2\/media\/10568"}],"wp:attachment":[{"href":"https:\/\/1st-rc.com\/en\/wp-json\/wp\/v2\/media?parent=1678"}],"wp:term":[{"taxonomy":"product_cat","embeddable":true,"href":"https:\/\/1st-rc.com\/en\/wp-json\/wp\/v2\/product_cat?post=1678"},{"taxonomy":"product_tag","embeddable":true,"href":"https:\/\/1st-rc.com\/en\/wp-json\/wp\/v2\/product_tag?post=1678"}],"curies":[{"name":"wp","href":"https:\/\/api.w.org\/{rel}","templated":true}]}}