{"id":10367,"date":"2021-05-04T13:57:48","date_gmt":"2021-05-04T13:57:48","guid":{"rendered":"https:\/\/tescht.1st-rc.com\/?post_type=product&#038;p=10367"},"modified":"2024-10-18T11:17:34","modified_gmt":"2024-10-18T09:17:34","slug":"1st-rotorblaetter-cfk-550mm-fbl-gelb","status":"publish","type":"product","link":"https:\/\/1st-rc.com\/en\/product\/1st-rotor-blades-cfk-550mm-fbl-yellow\/","title":{"rendered":"1st main blades CFRP 550mm FBL (yellow)"},"content":{"rendered":"<p><b>Technical specifications:<\/b><br \/>\nBlade length: 550mm<br \/>\nBlade connection: 12mm<br \/>\nBore: 4mm<br \/>\nWeight per blade: approx.108g<br \/>\nMax rpm: 2900<br \/>\nBlade width \/ depth: 51mm<br \/>\nProfile: fully symmetrical<br \/>\nDirection of rotation: right<br \/>\nNumber of blades: 2<\/p>","protected":false},"excerpt":{"rendered":"<p><strong>High rigidity for precise, crisp flight maneuvers<\/strong><\/p>\n<p>Weight per blade: approx.108g<br \/>\nMax rpm: 2900<br \/>\nBlade width \/ depth: 51mm<br \/>\nProfile: fully symmetrical<\/p>","protected":false},"featured_media":10363,"comment_status":"open","ping_status":"closed","template":"","meta":[],"product_cat":[46,47,176],"product_tag":[53,54,179,52,56],"yoast_head":"<!-- This site is optimized with the Yoast SEO plugin v16.6.1 - https:\/\/yoast.com\/wordpress\/plugins\/seo\/ -->\n<title>1st Rotorbl\u00e4tter CFK 550mm FBL (Gelb) - 1st-RC<\/title>\n<meta name=\"robots\" content=\"index, follow, max-snippet:-1, max-image-preview:large, max-video-preview:-1\" \/>\n<link rel=\"canonical\" href=\"https:\/\/1st-rc.com\/en\/product\/1st-rotor-blades-cfk-550mm-fbl-yellow\/\" \/>\n<meta property=\"og:locale\" content=\"en_US\" \/>\n<meta property=\"og:type\" content=\"article\" \/>\n<meta property=\"og:title\" content=\"1st Rotorbl\u00e4tter CFK 550mm FBL (Gelb) - 1st-RC\" \/>\n<meta property=\"og:description\" content=\"Hohe Stabilit\u00e4t f\u00fcr pr\u00e4zise, knackige Flugman\u00f6ver  Gewicht pro Blatt: ca. 108g Umdrehungen max U\/min.: 2900 Blattbreite \/ Tiefe: 51mm Profil: Vollsymmetrisch\" \/>\n<meta property=\"og:url\" content=\"https:\/\/1st-rc.com\/en\/product\/1st-rotor-blades-cfk-550mm-fbl-yellow\/\" \/>\n<meta property=\"og:site_name\" content=\"1st-RC\" \/>\n<meta property=\"article:publisher\" content=\"https:\/\/www.facebook.com\/1stRC\/\" \/>\n<meta property=\"article:modified_time\" content=\"2024-10-18T09:17:34+00:00\" \/>\n<meta property=\"og:image\" content=\"https:\/\/1st-rc.com\/wp-content\/uploads\/products\/blades\/1stB550-Y.jpg\" \/>\n\t<meta property=\"og:image:width\" content=\"798\" \/>\n\t<meta property=\"og:image:height\" content=\"600\" \/>\n<meta name=\"twitter:card\" content=\"summary_large_image\" \/>\n<script type=\"application\/ld+json\" class=\"yoast-schema-graph\">{\"@context\":\"https:\/\/schema.org\",\"@graph\":[{\"@type\":\"Organization\",\"@id\":\"https:\/\/1st-rc.com\/#organization\",\"name\":\"1st-RC\",\"url\":\"https:\/\/1st-rc.com\/\",\"sameAs\":[\"https:\/\/www.facebook.com\/1stRC\/\"],\"logo\":{\"@type\":\"ImageObject\",\"@id\":\"https:\/\/1st-rc.com\/#logo\",\"inLanguage\":\"en-US\",\"url\":\"https:\/\/1st-rc.com\/wp-content\/uploads\/page\/1st-Logo_560x320.png\",\"contentUrl\":\"https:\/\/1st-rc.com\/wp-content\/uploads\/page\/1st-Logo_560x320.png\",\"width\":560,\"height\":320,\"caption\":\"1st-RC\"},\"image\":{\"@id\":\"https:\/\/1st-rc.com\/#logo\"}},{\"@type\":\"WebSite\",\"@id\":\"https:\/\/1st-rc.com\/#website\",\"url\":\"https:\/\/1st-rc.com\/\",\"name\":\"1st-RC\",\"description\":\"1st choice for RC-Products\",\"publisher\":{\"@id\":\"https:\/\/1st-rc.com\/#organization\"},\"potentialAction\":[{\"@type\":\"SearchAction\",\"target\":{\"@type\":\"EntryPoint\",\"urlTemplate\":\"https:\/\/1st-rc.com\/?s={search_term_string}\"},\"query-input\":\"required name=search_term_string\"}],\"inLanguage\":\"en-US\"},{\"@type\":\"ImageObject\",\"@id\":\"https:\/\/1st-rc.com\/produkt\/1st-rotorblaetter-cfk-550mm-fbl-gelb\/#primaryimage\",\"inLanguage\":\"en-US\",\"url\":\"https:\/\/1st-rc.com\/wp-content\/uploads\/products\/blades\/1stB550-Y.jpg\",\"contentUrl\":\"https:\/\/1st-rc.com\/wp-content\/uploads\/products\/blades\/1stB550-Y.jpg\",\"width\":798,\"height\":600},{\"@type\":\"WebPage\",\"@id\":\"https:\/\/1st-rc.com\/produkt\/1st-rotorblaetter-cfk-550mm-fbl-gelb\/#webpage\",\"url\":\"https:\/\/1st-rc.com\/produkt\/1st-rotorblaetter-cfk-550mm-fbl-gelb\/\",\"name\":\"1st Rotorbl\\u00e4tter CFK 550mm FBL (Gelb) - 1st-RC\",\"isPartOf\":{\"@id\":\"https:\/\/1st-rc.com\/#website\"},\"primaryImageOfPage\":{\"@id\":\"https:\/\/1st-rc.com\/produkt\/1st-rotorblaetter-cfk-550mm-fbl-gelb\/#primaryimage\"},\"datePublished\":\"2021-05-04T13:57:48+00:00\",\"dateModified\":\"2024-10-18T09:17:34+00:00\",\"breadcrumb\":{\"@id\":\"https:\/\/1st-rc.com\/produkt\/1st-rotorblaetter-cfk-550mm-fbl-gelb\/#breadcrumb\"},\"inLanguage\":\"en-US\",\"potentialAction\":[{\"@type\":\"ReadAction\",\"target\":[\"https:\/\/1st-rc.com\/produkt\/1st-rotorblaetter-cfk-550mm-fbl-gelb\/\"]}]},{\"@type\":\"BreadcrumbList\",\"@id\":\"https:\/\/1st-rc.com\/produkt\/1st-rotorblaetter-cfk-550mm-fbl-gelb\/#breadcrumb\",\"itemListElement\":[{\"@type\":\"ListItem\",\"position\":1,\"name\":\"Home\",\"item\":\"https:\/\/1st-rc.com\/\"},{\"@type\":\"ListItem\",\"position\":2,\"name\":\"1st-RC Produkte\",\"item\":\"https:\/\/1st-rc.com\/en\/products\/\"},{\"@type\":\"ListItem\",\"position\":3,\"name\":\"1st Rotorbl\\u00e4tter CFK 550mm FBL (Gelb)\"}]}]}<\/script>\n<!-- \/ Yoast SEO plugin. -->","_links":{"self":[{"href":"https:\/\/1st-rc.com\/en\/wp-json\/wp\/v2\/product\/10367"}],"collection":[{"href":"https:\/\/1st-rc.com\/en\/wp-json\/wp\/v2\/product"}],"about":[{"href":"https:\/\/1st-rc.com\/en\/wp-json\/wp\/v2\/types\/product"}],"replies":[{"embeddable":true,"href":"https:\/\/1st-rc.com\/en\/wp-json\/wp\/v2\/comments?post=10367"}],"wp:featuredmedia":[{"embeddable":true,"href":"https:\/\/1st-rc.com\/en\/wp-json\/wp\/v2\/media\/10363"}],"wp:attachment":[{"href":"https:\/\/1st-rc.com\/en\/wp-json\/wp\/v2\/media?parent=10367"}],"wp:term":[{"taxonomy":"product_cat","embeddable":true,"href":"https:\/\/1st-rc.com\/en\/wp-json\/wp\/v2\/product_cat?post=10367"},{"taxonomy":"product_tag","embeddable":true,"href":"https:\/\/1st-rc.com\/en\/wp-json\/wp\/v2\/product_tag?post=10367"}],"curies":[{"name":"wp","href":"https:\/\/api.w.org\/{rel}","templated":true}]}}