{"id":9,"date":"2019-12-27T18:39:28","date_gmt":"2019-12-27T18:39:28","guid":{"rendered":"https:\/\/1st-rc.com\/?page_id=9"},"modified":"2024-02-14T14:14:18","modified_gmt":"2024-02-14T12:14:18","slug":"kontakt","status":"publish","type":"page","link":"https:\/\/1st-rc.com\/en\/contact\/","title":{"rendered":"Contact"},"content":{"rendered":"<div data-elementor-type=\"wp-page\" data-elementor-id=\"9\" class=\"elementor elementor-9\" data-elementor-settings=\"[]\">\n\t\t\t\t\t\t<div class=\"elementor-inner\">\n\t\t\t\t\t\t\t<div class=\"elementor-section-wrap\">\n\t\t\t\t\t\t\t<section class=\"has_eae_slider elementor-section elementor-top-section elementor-element elementor-element-6259458d elementor-section-full_width elementor-section-height-default elementor-section-height-default\" data-id=\"6259458d\" data-element_type=\"section\" data-settings=\"{&quot;background_background&quot;:&quot;gradient&quot;}\">\n\t\t\t\t\t\t<div class=\"elementor-container elementor-column-gap-default\">\n\t\t\t\t\t\t\t<div class=\"elementor-row\">\n\t\t\t\t\t<div class=\"has_eae_slider elementor-column elementor-col-100 elementor-top-column elementor-element elementor-element-67c8876b\" data-id=\"67c8876b\" data-element_type=\"column\">\n\t\t\t<div class=\"elementor-column-wrap elementor-element-populated\">\n\t\t\t\t\t\t\t<div class=\"elementor-widget-wrap\">\n\t\t\t\t\t\t<section class=\"has_eae_slider elementor-section elementor-inner-section elementor-element elementor-element-ce63b64 elementor-section-boxed elementor-section-height-default elementor-section-height-default\" data-id=\"ce63b64\" data-element_type=\"section\">\n\t\t\t\t\t\t<div class=\"elementor-container elementor-column-gap-default\">\n\t\t\t\t\t\t\t<div class=\"elementor-row\">\n\t\t\t\t\t<div class=\"has_eae_slider elementor-column elementor-col-50 elementor-inner-column elementor-element elementor-element-3ead59c\" data-id=\"3ead59c\" data-element_type=\"column\" data-settings=\"{&quot;background_background&quot;:&quot;classic&quot;}\">\n\t\t\t<div class=\"elementor-column-wrap elementor-element-populated\">\n\t\t\t\t\t\t\t<div class=\"elementor-widget-wrap\">\n\t\t\t\t\t\t<div class=\"elementor-element elementor-element-679f4ca elementor-widget elementor-widget-heading\" data-id=\"679f4ca\" data-element_type=\"widget\" data-widget_type=\"heading.default\">\n\t\t\t\t<div class=\"elementor-widget-container\">\n\t\t\t<h3 class=\"elementor-heading-title elementor-size-default\">Would you like to become a 1st-RC sales partner?<\/h3>\t\t<\/div>\n\t\t\t\t<\/div>\n\t\t\t\t<div class=\"elementor-element elementor-element-a645d40 elementor-widget elementor-widget-heading\" data-id=\"a645d40\" data-element_type=\"widget\" data-widget_type=\"heading.default\">\n\t\t\t\t<div class=\"elementor-widget-container\">\n\t\t\t<h5 class=\"elementor-heading-title elementor-size-default\">For a dealer inquiry please fill out all form fields, or call us right away!<\/h5>\t\t<\/div>\n\t\t\t\t<\/div>\n\t\t\t\t<div class=\"elementor-element elementor-element-42f76ec elementor-widget elementor-widget-text-editor\" data-id=\"42f76ec\" data-element_type=\"widget\" data-widget_type=\"text-editor.default\">\n\t\t\t\t<div class=\"elementor-widget-container\">\n\t\t\t\t\t\t\t\t<div class=\"elementor-text-editor elementor-clearfix\">\n\t\t\t\t\t<p>We are happily looking forward to hearing from you.<br><\/p>\t\t\t\t\t<\/div>\n\t\t\t\t\t\t<\/div>\n\t\t\t\t<\/div>\n\t\t\t\t\t\t<\/div>\n\t\t\t\t\t<\/div>\n\t\t<\/div>\n\t\t\t\t<div class=\"has_eae_slider elementor-column elementor-col-50 elementor-inner-column elementor-element elementor-element-9373928\" data-id=\"9373928\" data-element_type=\"column\" data-settings=\"{&quot;background_background&quot;:&quot;classic&quot;}\">\n\t\t\t<div class=\"elementor-column-wrap elementor-element-populated\">\n\t\t\t\t\t\t\t<div class=\"elementor-widget-wrap\">\n\t\t\t\t\t\t<div class=\"elementor-element elementor-element-4fa581d elementor-widget elementor-widget-heading\" data-id=\"4fa581d\" data-element_type=\"widget\" data-widget_type=\"heading.default\">\n\t\t\t\t<div class=\"elementor-widget-container\">\n\t\t\t<h3 class=\"elementor-heading-title elementor-size-default\">Do you have any questions or feedback about our products?<\/h3>\t\t<\/div>\n\t\t\t\t<\/div>\n\t\t\t\t<div class=\"elementor-element elementor-element-1c8d3bc elementor-widget elementor-widget-heading\" data-id=\"1c8d3bc\" data-element_type=\"widget\" data-widget_type=\"heading.default\">\n\t\t\t\t<div class=\"elementor-widget-container\">\n\t\t\t<h5 class=\"elementor-heading-title elementor-size-default\">We are there for you even after the purchase and your feedback is always welcome!<\/h5>\t\t<\/div>\n\t\t\t\t<\/div>\n\t\t\t\t<div class=\"elementor-element elementor-element-f248f78 elementor-widget elementor-widget-text-editor\" data-id=\"f248f78\" data-element_type=\"widget\" data-widget_type=\"text-editor.default\">\n\t\t\t\t<div class=\"elementor-widget-container\">\n\t\t\t\t\t\t\t\t<div class=\"elementor-text-editor elementor-clearfix\">\n\t\t\t\t\t<p>Your 1stRC team.<\/p>\t\t\t\t\t<\/div>\n\t\t\t\t\t\t<\/div>\n\t\t\t\t<\/div>\n\t\t\t\t\t\t<\/div>\n\t\t\t\t\t<\/div>\n\t\t<\/div>\n\t\t\t\t\t\t\t\t<\/div>\n\t\t\t\t\t<\/div>\n\t\t<\/section>\n\t\t\t\t<div class=\"elementor-element elementor-element-802cdd2 elementor-widget elementor-widget-spacer\" data-id=\"802cdd2\" data-element_type=\"widget\" data-widget_type=\"spacer.default\">\n\t\t\t\t<div class=\"elementor-widget-container\">\n\t\t\t\t\t<div class=\"elementor-spacer\">\n\t\t\t<div class=\"elementor-spacer-inner\"><\/div>\n\t\t<\/div>\n\t\t\t\t<\/div>\n\t\t\t\t<\/div>\n\t\t\t\t<section class=\"has_eae_slider elementor-section elementor-inner-section elementor-element elementor-element-5ffca9d6 elementor-section-boxed elementor-section-height-default elementor-section-height-default\" data-id=\"5ffca9d6\" data-element_type=\"section\">\n\t\t\t\t\t\t<div class=\"elementor-container elementor-column-gap-default\">\n\t\t\t\t\t\t\t<div class=\"elementor-row\">\n\t\t\t\t\t<div class=\"has_eae_slider elementor-column elementor-col-50 elementor-inner-column elementor-element elementor-element-6bd97789\" data-id=\"6bd97789\" data-element_type=\"column\" data-settings=\"{&quot;background_background&quot;:&quot;classic&quot;}\">\n\t\t\t<div class=\"elementor-column-wrap elementor-element-populated\">\n\t\t\t\t\t\t\t<div class=\"elementor-widget-wrap\">\n\t\t\t\t\t\t<div class=\"elementor-element elementor-element-686bbaa elementor-widget elementor-widget-heading\" data-id=\"686bbaa\" data-element_type=\"widget\" data-widget_type=\"heading.default\">\n\t\t\t\t<div class=\"elementor-widget-container\">\n\t\t\t<h3 class=\"elementor-heading-title elementor-size-default\">Send us a message<\/h3>\t\t<\/div>\n\t\t\t\t<\/div>\n\t\t\t\t<div class=\"elementor-element elementor-element-6aa4b2b0 elementor-button-align-start elementor-widget elementor-widget-form\" data-id=\"6aa4b2b0\" data-element_type=\"widget\" data-settings=\"{&quot;step_next_label&quot;:&quot;N\\u00e4chster&quot;,&quot;step_previous_label&quot;:&quot;Voriger&quot;,&quot;button_width&quot;:&quot;100&quot;,&quot;step_type&quot;:&quot;number_text&quot;,&quot;step_icon_shape&quot;:&quot;circle&quot;}\" data-widget_type=\"form.default\">\n\t\t\t\t<div class=\"elementor-widget-container\">\n\t\t\t\t\t<form class=\"elementor-form\" method=\"post\" name=\"Kontakt\" action=\"\">\n\t\t\t<input type=\"hidden\" name=\"post_id\" value=\"9\"\/>\n\t\t\t<input type=\"hidden\" name=\"form_id\" value=\"6aa4b2b0\"\/>\n\t\t\t<input type=\"hidden\" name=\"referer_title\" value=\"1st-RC\" \/>\n\n\t\t\t\n\t\t\t<div class=\"elementor-form-fields-wrapper elementor-labels-above\">\n\t\t\t\t\t\t\t\t<div class=\"elementor-field-type-text elementor-field-group elementor-column elementor-field-group-field_2 elementor-col-80 elementor-md-100\">\n\t\t\t\t\t<label for=\"form-field-field_2\" class=\"elementor-field-label\">Company<\/label><input size=\"1\" type=\"text\" name=\"form_fields[field_2]\" id=\"form-field-field_2\" class=\"elementor-field elementor-size-md  elementor-field-textual\" placeholder=\"Company\">\t\t\t\t<\/div>\n\t\t\t\t\t\t\t\t<div class=\"elementor-field-type-text elementor-field-group elementor-column elementor-field-group-field_3 elementor-col-80 elementor-md-100\">\n\t\t\t\t\t<label for=\"form-field-field_3\" class=\"elementor-field-label\">Website<\/label><input size=\"1\" type=\"text\" name=\"form_fields[field_3]\" id=\"form-field-field_3\" class=\"elementor-field elementor-size-md  elementor-field-textual\" placeholder=\"Website\">\t\t\t\t<\/div>\n\t\t\t\t\t\t\t\t<div class=\"elementor-field-type-text elementor-field-group elementor-column elementor-field-group-name elementor-col-80 elementor-md-100 elementor-field-required elementor-mark-required\">\n\t\t\t\t\t<label for=\"form-field-name\" class=\"elementor-field-label\">Name<\/label><input size=\"1\" type=\"text\" name=\"form_fields[name]\" id=\"form-field-name\" class=\"elementor-field elementor-size-md  elementor-field-textual\" placeholder=\"First name Name\" required=\"required\" aria-required=\"true\">\t\t\t\t<\/div>\n\t\t\t\t\t\t\t\t<div class=\"elementor-field-type-email elementor-field-group elementor-column elementor-field-group-email elementor-col-80 elementor-md-100 elementor-field-required elementor-mark-required\">\n\t\t\t\t\t<label for=\"form-field-email\" class=\"elementor-field-label\">e-mail<\/label><input size=\"1\" type=\"email\" name=\"form_fields[email]\" id=\"form-field-email\" class=\"elementor-field elementor-size-md  elementor-field-textual\" placeholder=\"Your email address\" required=\"required\" aria-required=\"true\">\t\t\t\t<\/div>\n\t\t\t\t\t\t\t\t<div class=\"elementor-field-type-tel elementor-field-group elementor-column elementor-field-group-field_1 elementor-col-80 elementor-md-100 elementor-field-required elementor-mark-required\">\n\t\t\t\t\t<label for=\"form-field-field_1\" class=\"elementor-field-label\">Phone<\/label><input size=\"1\" type=\"tel\" name=\"form_fields[field_1]\" id=\"form-field-field_1\" class=\"elementor-field elementor-size-md  elementor-field-textual\" placeholder=\"Your phone number\" required=\"required\" aria-required=\"true\" pattern=\"[0-9()#&amp;+*-=.]+\" title=\"Only numbers and phone characters (#, -, *, etc) are accepted.\">\t\t\t\t<\/div>\n\t\t\t\t\t\t\t\t<div class=\"elementor-field-type-textarea elementor-field-group elementor-column elementor-field-group-message elementor-col-100 elementor-md-100 elementor-field-required elementor-mark-required\">\n\t\t\t\t\t<label for=\"form-field-message\" class=\"elementor-field-label\">Message<\/label><textarea class=\"elementor-field-textual elementor-field  elementor-size-md\" name=\"form_fields[message]\" id=\"form-field-message\" rows=\"4\" placeholder=\"Your message\" required=\"required\" aria-required=\"true\"><\/textarea>\t\t\t\t<\/div>\n\t\t\t\t\t\t\t\t<div class=\"elementor-field-type-recaptcha_v3 elementor-field-group elementor-column elementor-field-group-field_01fb4b4 elementor-col-100 recaptcha_v3-bottomright\">\n\t\t\t\t\t<div class=\"elementor-field\" id=\"form-field-field_01fb4b4\"><div class=\"elementor-g-recaptcha\" data-sitekey=\"6Ldb8pMgAAAAAL95rKPWskN9qUY4Uyif_Ilz6qjV\" data-type=\"v3\" data-action=\"Form\" data-badge=\"bottomright\" data-size=\"invisible\"><\/div><\/div>\t\t\t\t<\/div>\n\t\t\t\t\t\t\t\t<div class=\"elementor-field-group elementor-column elementor-field-type-submit elementor-col-100 e-form__buttons\">\n\t\t\t\t\t<button type=\"submit\" class=\"elementor-button elementor-size-md\">\n\t\t\t\t\t\t<span >\n\t\t\t\t\t\t\t\t\t\t\t\t\t\t\t<span class=\"elementor-button-icon\">\n\t\t\t\t\t\t\t\t\t\t\t\t\t\t\t\t\t\t\t\t\t\t\t\t\t\t<\/span>\n\t\t\t\t\t\t\t\t\t\t\t\t\t\t\t\t\t\t\t\t\t\t<span class=\"elementor-button-text\">Send Message<\/span>\n\t\t\t\t\t\t\t\t\t\t\t\t\t<\/span>\n\t\t\t\t\t<\/button>\n\t\t\t\t<\/div>\n\t\t\t<\/div>\n\t\t<input type=\"hidden\" name=\"trp-form-language\" value=\"en\"\/><\/form>\n\t\t\t\t<\/div>\n\t\t\t\t<\/div>\n\t\t\t\t\t\t<\/div>\n\t\t\t\t\t<\/div>\n\t\t<\/div>\n\t\t\t\t<div class=\"has_eae_slider elementor-column elementor-col-50 elementor-inner-column elementor-element elementor-element-614bbb84\" data-id=\"614bbb84\" data-element_type=\"column\" data-settings=\"{&quot;background_background&quot;:&quot;classic&quot;}\">\n\t\t\t<div class=\"elementor-column-wrap elementor-element-populated\">\n\t\t\t\t\t\t\t<div class=\"elementor-widget-wrap\">\n\t\t\t\t\t\t<div class=\"elementor-element elementor-element-2d1892f4 elementor-widget elementor-widget-heading\" data-id=\"2d1892f4\" data-element_type=\"widget\" data-widget_type=\"heading.default\">\n\t\t\t\t<div class=\"elementor-widget-container\">\n\t\t\t<h3 class=\"elementor-heading-title elementor-size-default\">Contact &amp; address<\/h3>\t\t<\/div>\n\t\t\t\t<\/div>\n\t\t\t\t<div class=\"elementor-element elementor-element-3c3a4e4 elementor-widget elementor-widget-text-editor\" data-id=\"3c3a4e4\" data-element_type=\"widget\" data-widget_type=\"text-editor.default\">\n\t\t\t\t<div class=\"elementor-widget-container\">\n\t\t\t\t\t\t\t\t<div class=\"elementor-text-editor elementor-clearfix\">\n\t\t\t\t\t<p><strong>Heli-Professional AG<\/strong><br \/>Grubstrasse 8<br \/>CH &#8211; 9515 Hosenruck<\/p><p><strong>Tel:<\/strong><span style=\"color: #ffffff;\"> \u00a0<a style=\"color: #ffffff;\" href=\"tel:+41715520800\">+41 71 552 08 00<\/a><\/span><strong><br \/><\/strong><\/p>\t\t\t\t\t<\/div>\n\t\t\t\t\t\t<\/div>\n\t\t\t\t<\/div>\n\t\t\t\t<div class=\"elementor-element elementor-element-549d5e92 elementor-widget elementor-widget-spacer\" data-id=\"549d5e92\" data-element_type=\"widget\" data-widget_type=\"spacer.default\">\n\t\t\t\t<div class=\"elementor-widget-container\">\n\t\t\t\t\t<div class=\"elementor-spacer\">\n\t\t\t<div class=\"elementor-spacer-inner\"><\/div>\n\t\t<\/div>\n\t\t\t\t<\/div>\n\t\t\t\t<\/div>\n\t\t\t\t<div class=\"elementor-element elementor-element-7e36b287 elementor-widget elementor-widget-google_maps\" data-id=\"7e36b287\" data-element_type=\"widget\" data-widget_type=\"google_maps.default\">\n\t\t\t\t<div class=\"elementor-widget-container\">\n\t\t\t\t\t<div class=\"elementor-custom-embed\">\n\t\t\t<iframe frameborder=\"0\" scrolling=\"no\" marginheight=\"0\" marginwidth=\"0\" src=\"https:\/\/maps.google.com\/maps?q=Grubstrasse%208%2C%209515%20Hosenruck&amp;t=m&amp;z=10&amp;output=embed&amp;iwloc=near\" title=\"%3$s\" aria-label=\"%3$s\"><\/iframe>\n\t\t<\/div>\n\t\t\t\t<\/div>\n\t\t\t\t<\/div>\n\t\t\t\t\t\t<\/div>\n\t\t\t\t\t<\/div>\n\t\t<\/div>\n\t\t\t\t\t\t\t\t<\/div>\n\t\t\t\t\t<\/div>\n\t\t<\/section>\n\t\t\t\t\t\t<\/div>\n\t\t\t\t\t<\/div>\n\t\t<\/div>\n\t\t\t\t\t\t\t\t<\/div>\n\t\t\t\t\t<\/div>\n\t\t<\/section>\n\t\t\t\t\t\t<\/div>\n\t\t\t\t\t\t<\/div>\n\t\t\t\t\t<\/div>","protected":false},"excerpt":{"rendered":"<p>Sie m\u00f6chten 1st-RC Vertriebspartner werden? F\u00fcr eine H\u00e4ndleranfrage f\u00fcllen Sie bitte s\u00e4mtliche Formular-Felder aus, oder rufen uns am Besten gleich an! Wir freuen uns darauf, von Ihnen zu h\u00f6ren. Du hast Fragen oder Feedback zu unseren Produkten? Wir sind auch nach dem Kauf f\u00fcr Dich da und Dein Feedback ist jederzeit willkommen! Dein 1stRC-Team. Schreiben &hellip;<\/p>\n<p class=\"read-more\"> <a class=\"\" href=\"https:\/\/1st-rc.com\/en\/contact\/\"> <span class=\"screen-reader-text\">Contact<\/span> Read More \u00bb<\/a><\/p>","protected":false},"author":1,"featured_media":0,"parent":0,"menu_order":0,"comment_status":"closed","ping_status":"closed","template":"elementor_header_footer","meta":[],"yoast_head":"<!-- This site is optimized with the Yoast SEO plugin v16.6.1 - https:\/\/yoast.com\/wordpress\/plugins\/seo\/ -->\n<title>Kontakt - 1st-RC<\/title>\n<meta name=\"robots\" content=\"index, follow, max-snippet:-1, max-image-preview:large, max-video-preview:-1\" \/>\n<link rel=\"canonical\" href=\"https:\/\/1st-rc.com\/en\/contact\/\" \/>\n<meta property=\"og:locale\" content=\"en_US\" \/>\n<meta property=\"og:type\" content=\"article\" \/>\n<meta property=\"og:title\" content=\"Kontakt - 1st-RC\" \/>\n<meta property=\"og:description\" content=\"Sie m\u00f6chten 1st-RC Vertriebspartner werden? F\u00fcr eine H\u00e4ndleranfrage f\u00fcllen Sie bitte s\u00e4mtliche Formular-Felder aus, oder rufen uns am Besten gleich an! Wir freuen uns darauf, von Ihnen zu h\u00f6ren. Du hast Fragen oder Feedback zu unseren Produkten? Wir sind auch nach dem Kauf f\u00fcr Dich da und Dein Feedback ist jederzeit willkommen! Dein 1stRC-Team. Schreiben &hellip; Kontakt Read More &raquo;\" \/>\n<meta property=\"og:url\" content=\"https:\/\/1st-rc.com\/en\/contact\/\" \/>\n<meta property=\"og:site_name\" content=\"1st-RC\" \/>\n<meta property=\"article:publisher\" content=\"https:\/\/www.facebook.com\/1stRC\/\" \/>\n<meta property=\"article:modified_time\" content=\"2024-02-14T12:14:18+00:00\" \/>\n<meta name=\"twitter:card\" content=\"summary_large_image\" \/>\n<meta name=\"twitter:label1\" content=\"Est. reading time\" \/>\n\t<meta name=\"twitter:data1\" content=\"1 minute\" \/>\n<script type=\"application\/ld+json\" class=\"yoast-schema-graph\">{\"@context\":\"https:\/\/schema.org\",\"@graph\":[{\"@type\":\"Organization\",\"@id\":\"https:\/\/1st-rc.com\/#organization\",\"name\":\"1st-RC\",\"url\":\"https:\/\/1st-rc.com\/\",\"sameAs\":[\"https:\/\/www.facebook.com\/1stRC\/\"],\"logo\":{\"@type\":\"ImageObject\",\"@id\":\"https:\/\/1st-rc.com\/#logo\",\"inLanguage\":\"en-US\",\"url\":\"https:\/\/1st-rc.com\/wp-content\/uploads\/page\/1st-Logo_560x320.png\",\"contentUrl\":\"https:\/\/1st-rc.com\/wp-content\/uploads\/page\/1st-Logo_560x320.png\",\"width\":560,\"height\":320,\"caption\":\"1st-RC\"},\"image\":{\"@id\":\"https:\/\/1st-rc.com\/#logo\"}},{\"@type\":\"WebSite\",\"@id\":\"https:\/\/1st-rc.com\/#website\",\"url\":\"https:\/\/1st-rc.com\/\",\"name\":\"1st-RC\",\"description\":\"1st choice for RC-Products\",\"publisher\":{\"@id\":\"https:\/\/1st-rc.com\/#organization\"},\"potentialAction\":[{\"@type\":\"SearchAction\",\"target\":{\"@type\":\"EntryPoint\",\"urlTemplate\":\"https:\/\/1st-rc.com\/?s={search_term_string}\"},\"query-input\":\"required name=search_term_string\"}],\"inLanguage\":\"en-US\"},{\"@type\":\"WebPage\",\"@id\":\"https:\/\/1st-rc.com\/kontakt\/#webpage\",\"url\":\"https:\/\/1st-rc.com\/kontakt\/\",\"name\":\"Kontakt - 1st-RC\",\"isPartOf\":{\"@id\":\"https:\/\/1st-rc.com\/#website\"},\"datePublished\":\"2019-12-27T18:39:28+00:00\",\"dateModified\":\"2024-02-14T12:14:18+00:00\",\"breadcrumb\":{\"@id\":\"https:\/\/1st-rc.com\/kontakt\/#breadcrumb\"},\"inLanguage\":\"en-US\",\"potentialAction\":[{\"@type\":\"ReadAction\",\"target\":[\"https:\/\/1st-rc.com\/kontakt\/\"]}]},{\"@type\":\"BreadcrumbList\",\"@id\":\"https:\/\/1st-rc.com\/kontakt\/#breadcrumb\",\"itemListElement\":[{\"@type\":\"ListItem\",\"position\":1,\"name\":\"Home\",\"item\":\"https:\/\/1st-rc.com\/\"},{\"@type\":\"ListItem\",\"position\":2,\"name\":\"Kontakt\"}]}]}<\/script>\n<!-- \/ Yoast SEO plugin. -->","_links":{"self":[{"href":"https:\/\/1st-rc.com\/en\/wp-json\/wp\/v2\/pages\/9"}],"collection":[{"href":"https:\/\/1st-rc.com\/en\/wp-json\/wp\/v2\/pages"}],"about":[{"href":"https:\/\/1st-rc.com\/en\/wp-json\/wp\/v2\/types\/page"}],"author":[{"embeddable":true,"href":"https:\/\/1st-rc.com\/en\/wp-json\/wp\/v2\/users\/1"}],"replies":[{"embeddable":true,"href":"https:\/\/1st-rc.com\/en\/wp-json\/wp\/v2\/comments?post=9"}],"version-history":[{"count":64,"href":"https:\/\/1st-rc.com\/en\/wp-json\/wp\/v2\/pages\/9\/revisions"}],"predecessor-version":[{"id":10564,"href":"https:\/\/1st-rc.com\/en\/wp-json\/wp\/v2\/pages\/9\/revisions\/10564"}],"wp:attachment":[{"href":"https:\/\/1st-rc.com\/en\/wp-json\/wp\/v2\/media?parent=9"}],"curies":[{"name":"wp","href":"https:\/\/api.w.org\/{rel}","templated":true}]}}